{"id":965,"date":"2022-02-03T21:23:05","date_gmt":"2022-02-03T21:23:05","guid":{"rendered":"https:\/\/artplay.com.mx\/?page_id=965"},"modified":"2022-02-03T21:31:30","modified_gmt":"2022-02-03T21:31:30","slug":"aviso-de-privacidad","status":"publish","type":"page","link":"https:\/\/artplay.com.mx\/index.php\/aviso-de-privacidad\/","title":{"rendered":"Aviso de privacidad"},"content":{"rendered":"\n<div style=\"height:125px\" aria-hidden=\"true\" class=\"wp-block-spacer\"><\/div>\n\n\n\n<h1 class=\"wp-block-heading\">Aviso de privacidad<\/h1>\n\n\n\n<p>Con fundamento en lo dispuesto en la Ley Federal de Protecci\u00f3n de Datos Personales en Posesi\u00f3n de los Particulares, mediante la cual se obliga a los particulares, sean personas f\u00edsicas o morales de car\u00e1cter privado, que lleven a cabo el tratamiento de datos personales, a informar los fines con los que se recaban, as\u00ed como su tratamiento y protecci\u00f3n. En atenci\u00f3n a lo anterior, le solicitamos leer el siguiente Aviso de Privacidad, el cual contiene las siguientes condiciones y t\u00e9rminos:<\/p>\n\n\n\n<h2 class=\"wp-block-heading\">Identidad y Domicilio del Responsable<\/h2>\n\n\n\n<p><strong>CONSULTORIA DE NEGOCIOS Y CONOCIMIENTO, S.C.<\/strong>, con domicilio el ubicado en Calle Bosque de las Torres No. Exterior M 281 Lote 25 Colonia Jardines de Morelos Municipio Ecatepec de Morelos Estado de M\u00e9xico CP. 55070, es responsable de recabar sus datos personales, del uso que se le d\u00e9 a los mismos y de su protecci\u00f3n.<\/p>\n\n\n\n<h2 class=\"wp-block-heading\">\u00bfQu\u00e9 datos personales se recabar\u00e1n y utilizar\u00e1n?<\/h2>\n\n\n\n<p>De acuerdo a las actividades de: consultor\u00eda de negocios y conocimiento, cursos, talleres y conferencias respecto a la gesti\u00f3n de negocios empresariales, la o el responsable puede recolectar datos personales del Titular mediante la entrega directa y\/o personal, por cualquier medio legal de contacto entre el Titular y el Responsable o sus Encargados, ya sea v\u00eda electr\u00f3nica o bien a trav\u00e9s su plataforma electr\u00f3nica:<\/p>\n\n\n\n<p>Los datos personales de identificaci\u00f3n que se recaban son los siguientes:<\/p>\n\n\n\n<ul><li>\u2022 Nombre completo<\/li><li>\u2022 Direcci\u00f3n<\/li><li>\u2022 Registro Federal de Contribuyentes<\/li><li>\u2022 Tel\u00e9fono fijo o n\u00famero de celular<\/li><li>\u2022 Correo electr\u00f3nico<\/li><li>\u2022 Nacionalidad<\/li><li>\u2022 Cuenta interbancaria<\/li><li>\u2022 Redes sociales (Facebook, Twitter; Whatsapp, Instagram, etc)<\/li><\/ul>\n\n\n\n<h2 class=\"wp-block-heading\">Finalidades del uso y tratamiento de los datos personales<\/h2>\n\n\n\n<p>La o el responsable tratar\u00e1 sus datos personales para las siguientes finalidades necesarias para cumplir con las obligaciones derivadas de la relaci\u00f3n jur\u00eddica contra\u00edda:<\/p>\n\n\n\n<ul><li>\u2022 Proveer y dar a conocer los servicios que se brindan en relaci\u00f3n a la consultor\u00eda de negocios y conocimiento, cursos, talleres y conferencias respecto a la gesti\u00f3n de negocios empresariales.<\/li><li>\u2022 Proporcionar una atenci\u00f3n personalizada de conformidad a las obligaciones contra\u00eddas con usted.<\/li><li>\u2022 Mantener una comunicaci\u00f3n laboral directa, personal y profesional en relaci\u00f3n a los servicios que se proporcionan.<\/li><li>\u2022 Enviar correos electr\u00f3nicos en relaci\u00f3n a los servicios que se proporcionan.<\/li><li>\u2022 Para tener actualizada la base de datos.<\/li><li>\u2022 Formar una biograf\u00eda de su imagen empresarial, con el objeto de realizar un estudio de los alcances y el impacto de sus estrategias corporativas e institucionales<\/li><li>\u2022 En general, para dar cumplimiento a las obligaciones que hemos contra\u00eddo con usted.<\/li><\/ul>\n\n\n\n<p>En caso de que no desee que sus datos personales sean tratados para estos fines, desde este momento usted nos puede comunicar lo anterior a los siguientes tel\u00e9fonos: M\u00f3vil: 5562501513 y Oficina: 58385515 o bien al correo electr\u00f3nico:&nbsp;<strong>joseluis.rodriguez@yssuesolutions.com<\/strong><\/p>\n\n\n\n<h2 class=\"wp-block-heading\">Medios y procedimientos para Derechos ARCO y Revocaci\u00f3n del Consentimiento<\/h2>\n\n\n\n<p>Le informamos que usted tiene derecho al Acceso, Rectificaci\u00f3n, Cancelaci\u00f3n y Oposici\u00f3n (en lo sucesivo \u201cDerechos ARCO\u201d) al tratamiento de sus datos personales o a revocar el consentimiento que para dicho fin nos haya otorgado.Para poder atender en tiempo y forma sus \u201cDerechos ARCO\u201d es necesario que env\u00ede la solicitud dirigida a Carlos Rodolfo Gonz\u00e1lez de Campo, responsable y encargado del tratamiento de los datos personales, con domicilio ubicado en Calle Bosque de las Torres No. Exterior M 281 Lote 25 Colonia Jardines de Morelos Municipio Ecatepec de Morelos Estado de M\u00e9xico CP. 55070, o bien se comunique a los tel\u00e9fonos M\u00f3vil: 5562501513 y Oficina: 58385515 o bien al correo electr\u00f3nico:&nbsp;<strong>carlos.gonzalez@yssuesolutions.com<\/strong>, el cual se solicita confirme v\u00eda telef\u00f3nica para garantizar su correcta recepci\u00f3n, indicando lo siguiente en la solicitud.<\/p>\n\n\n\n<ul><li>\u2022 El nombre del titular y su cuenta de correo electr\u00f3nico para comunicar la respuesta a la solicitud.<\/li><li>\u2022 Documento que acredite su identidad o, en su caso, la representaci\u00f3n legal del titular.<\/li><li>\u2022 Descripci\u00f3n clara y precisa de los datos personales respecto de los que se busca ejercer alguno de los derechos antes mencionados, y<\/li><li>\u2022 Cualquier otro elemento o documento que facilite la localizaci\u00f3n de los datos personales.<\/li><\/ul>\n\n\n\n<p>Para el caso de las solicitudes de rectificaci\u00f3n el titular deber\u00e1 indicar las modificaciones a realizarse y aportar la documentaci\u00f3n que sustente su petici\u00f3n.Una vez presentada su solicitud, la o el encargado podr\u00e1 solicitarle en un periodo no mayor a cinco (5) d\u00edas h\u00e1biles, la informaci\u00f3n y\/o documentaci\u00f3n necesaria para su seguimiento, as\u00ed como para la acreditaci\u00f3n de su identidad, de acuerdo a los t\u00e9rminos que marca la legislaci\u00f3n, por lo que usted contar\u00e1 con diez (10) d\u00edas h\u00e1biles posteriores a su recepci\u00f3n, para atender este requerimiento, de lo contrario su solicitud se tendr\u00e1 por no presentada.La o el encargado le comunicar\u00e1 la determinaci\u00f3n adoptada, en un plazo no mayor de veinte (20) d\u00edas h\u00e1biles, contados desde la fecha en que se recibi\u00f3 la solicitud, a efecto de que, si resulta procedente, haga efectiva la misma dentro de los quince (15) d\u00edas h\u00e1biles siguientes a que se comunique la respuesta.La respuesta se dar\u00e1 v\u00eda electr\u00f3nica a la direcci\u00f3n de correo que se especifique en la solicitud.Los t\u00e9rminos y plazos indicados en los p\u00e1rrafos anteriores, podr\u00e1n ser ampliados una sola vez en caso de ser necesario y se le deber\u00e1 notificar a trav\u00e9s de los medios de contacto que haya establecido.La revocaci\u00f3n y el ejercicio de los Derechos ARCO ser\u00e1n gratuitos, debiendo usted cubrir \u00fanicamente los gastos justificados de env\u00edo, o el costo de reproducci\u00f3n en copias u otros formatos establecidos en su solicitud.En caso de que no desee de recibir mensajes de nuestra parte, puede enviarnos su solicitud por medio de la direcci\u00f3n electr\u00f3nica:&nbsp;<strong>joseluis.rodriguez@yssuesolutions.com<\/strong><\/p>\n\n\n\n<h2 class=\"wp-block-heading\">\u00bfC\u00f3mo puede limitar el uso y divulgaci\u00f3n y\/o revocar su consentimiento para el tratamiento de sus datos?<\/h2>\n\n\n\n<p>Se le hace de su conocimiento, que en todo momento, usted podr\u00e1 limitar el uso y divulgaci\u00f3n de sus datos personales y\/o revocar el consentimiento que ha otorgado para el tratamiento de los mismos, a fin de que se deje de hacer uso de ellos. Para tal efecto, es necesario que presente su petici\u00f3n por escrito cumpliendo con los mismos requisitos y el mismo procedimiento que se indica para ejercer derechos ARCO.<\/p>\n\n\n\n<h2 class=\"wp-block-heading\">Transferencia de Datos Personales<\/h2>\n\n\n\n<p>Se comunica que de acuerdo a las actividades y servicios que se brindan, NO se realiza transferencias de Datos Personales a Terceros, salvo las excepciones previstas en el art\u00edculo 37 de la Ley Federal de Protecci\u00f3n de Datos Personales en Posesi\u00f3n de los Particulares.<\/p>\n\n\n\n<h2 class=\"wp-block-heading\">Cambios al Aviso de Privacidad<\/h2>\n\n\n\n<p>Se le informa que se reserva el derecho de actualizar peri\u00f3dicamente el presente Aviso, atendiendo las solicitudes, viables y aceptadas o conforme a la normatividad. En caso de cambios dentro del presente aviso se publicaran a trav\u00e9s de su plataforma electr\u00f3nica; o se las haremos llegar al correo que usted nos haya proporcionado.<\/p>\n","protected":false},"excerpt":{"rendered":"<p>Aviso de privacidad Con fundamento en lo dispuesto en la Ley Federal de Protecci\u00f3n de Datos Personales en Posesi\u00f3n de los Particulares, mediante la cual se obliga a los particulares, sean personas f\u00edsicas o morales de car\u00e1cter privado, que lleven a cabo el tratamiento de datos personales, a informar los fines con los que se &#8230; <a title=\"Aviso de privacidad\" class=\"read-more\" href=\"https:\/\/artplay.com.mx\/index.php\/aviso-de-privacidad\/\" aria-label=\"More on Aviso de privacidad\">Read more<\/a><\/p>\n","protected":false},"author":1,"featured_media":0,"parent":0,"menu_order":0,"comment_status":"closed","ping_status":"closed","template":"","meta":{"om_disable_all_campaigns":false,"_monsterinsights_skip_tracking":false,"_monsterinsights_sitenote_active":false,"_monsterinsights_sitenote_note":"","_monsterinsights_sitenote_category":0,"footnotes":""},"_links":{"self":[{"href":"https:\/\/artplay.com.mx\/index.php\/wp-json\/wp\/v2\/pages\/965"}],"collection":[{"href":"https:\/\/artplay.com.mx\/index.php\/wp-json\/wp\/v2\/pages"}],"about":[{"href":"https:\/\/artplay.com.mx\/index.php\/wp-json\/wp\/v2\/types\/page"}],"author":[{"embeddable":true,"href":"https:\/\/artplay.com.mx\/index.php\/wp-json\/wp\/v2\/users\/1"}],"replies":[{"embeddable":true,"href":"https:\/\/artplay.com.mx\/index.php\/wp-json\/wp\/v2\/comments?post=965"}],"version-history":[{"count":6,"href":"https:\/\/artplay.com.mx\/index.php\/wp-json\/wp\/v2\/pages\/965\/revisions"}],"predecessor-version":[{"id":973,"href":"https:\/\/artplay.com.mx\/index.php\/wp-json\/wp\/v2\/pages\/965\/revisions\/973"}],"wp:attachment":[{"href":"https:\/\/artplay.com.mx\/index.php\/wp-json\/wp\/v2\/media?parent=965"}],"curies":[{"name":"wp","href":"https:\/\/api.w.org\/{rel}","templated":true}]}}